{"id":37,"date":"2024-11-21T13:40:05","date_gmt":"2024-11-21T13:40:05","guid":{"rendered":"https:\/\/zionsvision.com\/novo\/blog\/"},"modified":"2025-01-27T18:00:00","modified_gmt":"2025-01-27T18:00:00","slug":"blog","status":"publish","type":"page","link":"https:\/\/zionsvision.com\/novo\/blog\/","title":{"rendered":"Blog"},"content":{"rendered":"\t\t<div data-elementor-type=\"wp-page\" data-elementor-id=\"37\" class=\"elementor elementor-37\" data-elementor-post-type=\"page\">\n\t\t\t\t<div class=\"elementor-element elementor-element-28c20de e-flex e-con-boxed e-con e-parent\" data-id=\"28c20de\" data-element_type=\"container\" data-e-type=\"container\" data-settings=\"{&quot;background_background&quot;:&quot;classic&quot;}\">\n\t\t\t\t\t<div class=\"e-con-inner\">\n\t\t<div class=\"elementor-element elementor-element-01b5ae0 e-con-full e-flex e-con e-child\" data-id=\"01b5ae0\" data-element_type=\"container\" data-e-type=\"container\">\n\t\t\t\t<div class=\"elementor-element elementor-element-f1a616d elementor-invisible elementor-widget elementor-widget-heading\" data-id=\"f1a616d\" data-element_type=\"widget\" data-e-type=\"widget\" data-settings=\"{&quot;_animation&quot;:&quot;fadeInUp&quot;}\" data-widget_type=\"heading.default\">\n\t\t\t\t<div class=\"elementor-widget-container\">\n\t\t\t\t\t<p class=\"elementor-heading-title elementor-size-default\">Nosso blog<\/p>\t\t\t\t<\/div>\n\t\t\t\t<\/div>\n\t\t\t\t<div class=\"elementor-element elementor-element-f724cb5 elementor-widget elementor-widget-heading\" data-id=\"f724cb5\" data-element_type=\"widget\" data-e-type=\"widget\" data-widget_type=\"heading.default\">\n\t\t\t\t<div class=\"elementor-widget-container\">\n\t\t\t\t\t<h1 class=\"elementor-heading-title elementor-size-default\">Conte\u00fados &amp; An\u00e1lises<\/h1>\t\t\t\t<\/div>\n\t\t\t\t<\/div>\n\t\t\t\t<\/div>\n\t\t\t\t\t<\/div>\n\t\t\t\t<\/div>\n\t\t<div class=\"elementor-element elementor-element-d53b535 e-flex e-con-boxed e-con e-parent\" data-id=\"d53b535\" data-element_type=\"container\" data-e-type=\"container\" data-settings=\"{&quot;background_background&quot;:&quot;classic&quot;}\">\n\t\t\t\t\t<div class=\"e-con-inner\">\n\t\t<div class=\"elementor-element elementor-element-c3c84fe e-con-full e-flex e-con e-child\" data-id=\"c3c84fe\" data-element_type=\"container\" data-e-type=\"container\">\n\t\t\t\t<div class=\"elementor-element elementor-element-af6480b elementor-widget-divider--view-line_text elementor-widget-divider--element-align-right elementor-widget elementor-widget-divider\" data-id=\"af6480b\" data-element_type=\"widget\" data-e-type=\"widget\" data-widget_type=\"divider.default\">\n\t\t\t\t<div class=\"elementor-widget-container\">\n\t\t\t\t\t\t\t<div class=\"elementor-divider\">\n\t\t\t<span class=\"elementor-divider-separator\">\n\t\t\t\t\t\t\t<span class=\"elementor-divider__text elementor-divider__element\">\n\t\t\t\tNossos Artigos\t\t\t\t<\/span>\n\t\t\t\t\t\t<\/span>\n\t\t<\/div>\n\t\t\t\t\t\t<\/div>\n\t\t\t\t<\/div>\n\t\t\t\t<div class=\"elementor-element elementor-element-9799d13 elementor-widget elementor-widget-heading\" data-id=\"9799d13\" data-element_type=\"widget\" data-e-type=\"widget\" data-widget_type=\"heading.default\">\n\t\t\t\t<div class=\"elementor-widget-container\">\n\t\t\t\t\t<h5 class=\"elementor-heading-title elementor-size-default\">Acompanhe as principais not\u00edcias do mercado e novidades exclusivas.<\/h5>\t\t\t\t<\/div>\n\t\t\t\t<\/div>\n\t\t\t\t<div class=\"elementor-element elementor-element-c32156b elementor-grid-3 elementor-grid-tablet-2 elementor-grid-mobile-1 elementor-posts--thumbnail-top elementor-card-shadow-yes elementor-posts__hover-gradient elementor-widget elementor-widget-posts\" data-id=\"c32156b\" data-element_type=\"widget\" data-e-type=\"widget\" data-settings=\"{&quot;pagination_type&quot;:&quot;numbers&quot;,&quot;cards_columns&quot;:&quot;3&quot;,&quot;cards_columns_tablet&quot;:&quot;2&quot;,&quot;cards_columns_mobile&quot;:&quot;1&quot;,&quot;cards_row_gap&quot;:{&quot;unit&quot;:&quot;px&quot;,&quot;size&quot;:35,&quot;sizes&quot;:[]},&quot;cards_row_gap_tablet&quot;:{&quot;unit&quot;:&quot;px&quot;,&quot;size&quot;:&quot;&quot;,&quot;sizes&quot;:[]},&quot;cards_row_gap_mobile&quot;:{&quot;unit&quot;:&quot;px&quot;,&quot;size&quot;:&quot;&quot;,&quot;sizes&quot;:[]}}\" data-widget_type=\"posts.cards\">\n\t\t\t\t<div class=\"elementor-widget-container\">\n\t\t\t\t\t\t\t<div class=\"elementor-posts-container elementor-posts elementor-posts--skin-cards elementor-grid\">\n\t\t\t\t<article class=\"elementor-post elementor-grid-item post-339 post type-post status-publish format-standard has-post-thumbnail hentry category-white-label tag-cloud\">\n\t\t\t<div class=\"elementor-post__card\">\n\t\t\t\t<a class=\"elementor-post__thumbnail__link\" href=\"https:\/\/zionsvision.com\/novo\/white-label-a-solucao-para-escalar-seu-negocio\/\" tabindex=\"-1\" ><div class=\"elementor-post__thumbnail\"><img loading=\"lazy\" decoding=\"async\" loading=\"lazy\" width=\"300\" height=\"168\" src=\"https:\/\/zionsvision.com\/novo\/wp-content\/uploads\/2024\/11\/white-label-300x168.webp\" class=\"attachment-medium size-medium wp-image-328\" alt=\"notebook com um white label personalizado pela Zions Vison para um parceiro\" srcset=\"https:\/\/zionsvision.com\/novo\/wp-content\/uploads\/2024\/11\/white-label-300x168.webp 300w, https:\/\/zionsvision.com\/novo\/wp-content\/uploads\/2024\/11\/white-label-1024x574.webp 1024w, https:\/\/zionsvision.com\/novo\/wp-content\/uploads\/2024\/11\/white-label-768x431.webp 768w, https:\/\/zionsvision.com\/novo\/wp-content\/uploads\/2024\/11\/white-label.webp 1184w\" sizes=\"auto, (max-width: 300px) 100vw, 300px\" \/><\/div><\/a>\n\t\t\t\t<div class=\"elementor-post__badge\">White Label<\/div>\n\t\t\t\t<div class=\"elementor-post__text\">\n\t\t\t\t<h3 class=\"elementor-post__title\">\n\t\t\t<a href=\"https:\/\/zionsvision.com\/novo\/white-label-a-solucao-para-escalar-seu-negocio\/\" >\n\t\t\t\tWhite Label: a solu\u00e7\u00e3o para escalar seu neg\u00f3cio\t\t\t<\/a>\n\t\t<\/h3>\n\t\t\t\t<div class=\"elementor-post__excerpt\">\n\t\t\t<p>No competitivo mercado de seguran\u00e7a eletr\u00f4nica, destacar-se e conquistar clientes exigem solu\u00e7\u00f5es inovadoras e personalizadas. \u00c9 a\u00ed que entra a plataforma Heimdall White Label da Zions, uma solu\u00e7\u00e3o completa que permite oferecer tecnologia de ponta com a sua pr\u00f3pria marca.<\/p>\n\t\t<\/div>\n\t\t\n\t\t<a class=\"elementor-post__read-more\" href=\"https:\/\/zionsvision.com\/novo\/white-label-a-solucao-para-escalar-seu-negocio\/\" aria-label=\"Read more about White Label: a solu\u00e7\u00e3o para escalar seu neg\u00f3cio\" tabindex=\"-1\" >\n\t\t\tLeia Mais \u00bb\t\t<\/a>\n\n\t\t\t\t<\/div>\n\t\t\t\t\t<\/div>\n\t\t<\/article>\n\t\t\t\t<article class=\"elementor-post elementor-grid-item post-33 post type-post status-publish format-standard has-post-thumbnail hentry category-inteligencia-artificial tag-ia tag-inteligencia-artificial\">\n\t\t\t<div class=\"elementor-post__card\">\n\t\t\t\t<a class=\"elementor-post__thumbnail__link\" href=\"https:\/\/zionsvision.com\/novo\/a-ia-como-aliada-na-seguranca-de-condominios\/\" tabindex=\"-1\" ><div class=\"elementor-post__thumbnail\"><img loading=\"lazy\" decoding=\"async\" loading=\"lazy\" width=\"300\" height=\"168\" src=\"https:\/\/zionsvision.com\/novo\/wp-content\/uploads\/2024\/11\/Inteligencia-artifical-300x168.webp\" class=\"attachment-medium size-medium wp-image-342\" alt=\"imagem futurista da intelig\u00eancia artifial\" srcset=\"https:\/\/zionsvision.com\/novo\/wp-content\/uploads\/2024\/11\/Inteligencia-artifical-300x168.webp 300w, https:\/\/zionsvision.com\/novo\/wp-content\/uploads\/2024\/11\/Inteligencia-artifical-1024x574.webp 1024w, https:\/\/zionsvision.com\/novo\/wp-content\/uploads\/2024\/11\/Inteligencia-artifical-768x431.webp 768w, https:\/\/zionsvision.com\/novo\/wp-content\/uploads\/2024\/11\/Inteligencia-artifical.webp 1184w\" sizes=\"auto, (max-width: 300px) 100vw, 300px\" \/><\/div><\/a>\n\t\t\t\t<div class=\"elementor-post__badge\">Intelig\u00eancia Artificial<\/div>\n\t\t\t\t<div class=\"elementor-post__text\">\n\t\t\t\t<h3 class=\"elementor-post__title\">\n\t\t\t<a href=\"https:\/\/zionsvision.com\/novo\/a-ia-como-aliada-na-seguranca-de-condominios\/\" >\n\t\t\t\tA IA como aliada na seguran\u00e7a de condom\u00ednios\t\t\t<\/a>\n\t\t<\/h3>\n\t\t\t\t<div class=\"elementor-post__excerpt\">\n\t\t\t<p>A era da intelig\u00eancia artificial (IA) chegou para revolucionar a seguran\u00e7a dos condom\u00ednios, oferecendo solu\u00e7\u00f5es inovadoras que v\u00e3o al\u00e9m do monitoramento tradicional com c\u00e2meras e vigilantes.<\/p>\n\t\t<\/div>\n\t\t\n\t\t<a class=\"elementor-post__read-more\" href=\"https:\/\/zionsvision.com\/novo\/a-ia-como-aliada-na-seguranca-de-condominios\/\" aria-label=\"Read more about A IA como aliada na seguran\u00e7a de condom\u00ednios\" tabindex=\"-1\" >\n\t\t\tLeia Mais \u00bb\t\t<\/a>\n\n\t\t\t\t<\/div>\n\t\t\t\t\t<\/div>\n\t\t<\/article>\n\t\t\t\t<article class=\"elementor-post elementor-grid-item post-32 post type-post status-publish format-standard has-post-thumbnail hentry category-seguranca tag-business tag-obras\">\n\t\t\t<div class=\"elementor-post__card\">\n\t\t\t\t<a class=\"elementor-post__thumbnail__link\" href=\"https:\/\/zionsvision.com\/novo\/seguranca-inteligente-em-canteiros-de-obras\/\" tabindex=\"-1\" ><div class=\"elementor-post__thumbnail\"><img loading=\"lazy\" decoding=\"async\" loading=\"lazy\" width=\"300\" height=\"171\" src=\"https:\/\/zionsvision.com\/novo\/wp-content\/uploads\/2024\/11\/DALL\u00b7E-2024-03-08-15.08.39-Create-a-hyper-realistic-Full-HD-image-of-a-contractor-wearing-a-green-helmet-intently-examining-the-blueprint-of-a-construction-project-on-a-tablet-300x171.webp\" class=\"attachment-medium size-medium wp-image-297\" alt=\"Engenheiro de obras examinando a planta da constru\u00e7\u00e3o em um tablet gigante\" srcset=\"https:\/\/zionsvision.com\/novo\/wp-content\/uploads\/2024\/11\/DALL\u00b7E-2024-03-08-15.08.39-Create-a-hyper-realistic-Full-HD-image-of-a-contractor-wearing-a-green-helmet-intently-examining-the-blueprint-of-a-construction-project-on-a-tablet-300x171.webp 300w, https:\/\/zionsvision.com\/novo\/wp-content\/uploads\/2024\/11\/DALL\u00b7E-2024-03-08-15.08.39-Create-a-hyper-realistic-Full-HD-image-of-a-contractor-wearing-a-green-helmet-intently-examining-the-blueprint-of-a-construction-project-on-a-tablet-1024x585.webp 1024w, https:\/\/zionsvision.com\/novo\/wp-content\/uploads\/2024\/11\/DALL\u00b7E-2024-03-08-15.08.39-Create-a-hyper-realistic-Full-HD-image-of-a-contractor-wearing-a-green-helmet-intently-examining-the-blueprint-of-a-construction-project-on-a-tablet-768x439.webp 768w, https:\/\/zionsvision.com\/novo\/wp-content\/uploads\/2024\/11\/DALL\u00b7E-2024-03-08-15.08.39-Create-a-hyper-realistic-Full-HD-image-of-a-contractor-wearing-a-green-helmet-intently-examining-the-blueprint-of-a-construction-project-on-a-tablet-1536x878.webp 1536w, https:\/\/zionsvision.com\/novo\/wp-content\/uploads\/2024\/11\/DALL\u00b7E-2024-03-08-15.08.39-Create-a-hyper-realistic-Full-HD-image-of-a-contractor-wearing-a-green-helmet-intently-examining-the-blueprint-of-a-construction-project-on-a-tablet.webp 1792w\" sizes=\"auto, (max-width: 300px) 100vw, 300px\" \/><\/div><\/a>\n\t\t\t\t<div class=\"elementor-post__badge\">Seguran\u00e7a<\/div>\n\t\t\t\t<div class=\"elementor-post__text\">\n\t\t\t\t<h3 class=\"elementor-post__title\">\n\t\t\t<a href=\"https:\/\/zionsvision.com\/novo\/seguranca-inteligente-em-canteiros-de-obras\/\" >\n\t\t\t\tSeguran\u00e7a inteligente em canteiros de obras\t\t\t<\/a>\n\t\t<\/h3>\n\t\t\t\t<div class=\"elementor-post__excerpt\">\n\t\t\t<p>Canteiros de obras s\u00e3o ambientes din\u00e2micos e desafiadores em termos de seguran\u00e7a. Roubos, vandalismo, acidentes e outros incidentes podem gerar grandes preju\u00edzos e atrasos no projeto.<\/p>\n\t\t<\/div>\n\t\t\n\t\t<a class=\"elementor-post__read-more\" href=\"https:\/\/zionsvision.com\/novo\/seguranca-inteligente-em-canteiros-de-obras\/\" aria-label=\"Read more about Seguran\u00e7a inteligente em canteiros de obras\" tabindex=\"-1\" >\n\t\t\tLeia Mais \u00bb\t\t<\/a>\n\n\t\t\t\t<\/div>\n\t\t\t\t\t<\/div>\n\t\t<\/article>\n\t\t\t\t<\/div>\n\t\t\n\t\t\t\t\t\t<\/div>\n\t\t\t\t<\/div>\n\t\t\t\t<\/div>\n\t\t\t\t\t<\/div>\n\t\t\t\t<\/div>\n\t\t\t\t<section class=\"elementor-section elementor-top-section elementor-element elementor-element-a7026de elementor-section-boxed elementor-section-height-default elementor-section-height-default\" data-id=\"a7026de\" data-element_type=\"section\" data-e-type=\"section\" data-settings=\"{&quot;background_background&quot;:&quot;classic&quot;}\">\n\t\t\t\t\t\t<div class=\"elementor-container elementor-column-gap-default\">\n\t\t\t\t\t<div class=\"elementor-column elementor-col-100 elementor-top-column elementor-element elementor-element-c2e13b9\" data-id=\"c2e13b9\" data-element_type=\"column\" data-e-type=\"column\" data-settings=\"{&quot;background_background&quot;:&quot;classic&quot;}\">\n\t\t\t<div class=\"elementor-widget-wrap elementor-element-populated\">\n\t\t\t\t\t\t<section class=\"elementor-section elementor-inner-section elementor-element elementor-element-32ac0d6 elementor-section-boxed elementor-section-height-default elementor-section-height-default elementor-invisible\" data-id=\"32ac0d6\" data-element_type=\"section\" data-e-type=\"section\" data-settings=\"{&quot;background_background&quot;:&quot;classic&quot;,&quot;animation&quot;:&quot;fadeInUp&quot;}\">\n\t\t\t\t\t\t\t<div class=\"elementor-background-overlay\"><\/div>\n\t\t\t\t\t\t\t<div class=\"elementor-container elementor-column-gap-default\">\n\t\t\t\t\t<div class=\"elementor-column elementor-col-50 elementor-inner-column elementor-element elementor-element-f231ade\" data-id=\"f231ade\" data-element_type=\"column\" data-e-type=\"column\">\n\t\t\t<div class=\"elementor-widget-wrap elementor-element-populated\">\n\t\t\t\t\t\t<div class=\"elementor-element elementor-element-8e8c7af elementor-widget elementor-widget-heading\" data-id=\"8e8c7af\" data-element_type=\"widget\" data-e-type=\"widget\" data-widget_type=\"heading.default\">\n\t\t\t\t<div class=\"elementor-widget-container\">\n\t\t\t\t\t<h2 class=\"elementor-heading-title elementor-size-default\">Se voc\u00ea tem uma ideia inovadora de como podemos melhorar.<\/h2>\t\t\t\t<\/div>\n\t\t\t\t<\/div>\n\t\t\t\t<div class=\"elementor-element elementor-element-b56bf2e elementor-widget elementor-widget-heading\" data-id=\"b56bf2e\" data-element_type=\"widget\" data-e-type=\"widget\" data-widget_type=\"heading.default\">\n\t\t\t\t<div class=\"elementor-widget-container\">\n\t\t\t\t\t<h5 class=\"elementor-heading-title elementor-size-default\">Queremos ouvir de voc\u00ea!<\/h5>\t\t\t\t<\/div>\n\t\t\t\t<\/div>\n\t\t\t\t<div class=\"elementor-element elementor-element-b891317 elementor-widget elementor-widget-elementskit-mail-chimp\" data-id=\"b891317\" data-element_type=\"widget\" data-e-type=\"widget\" data-widget_type=\"elementskit-mail-chimp.default\">\n\t\t\t\t<div class=\"elementor-widget-container\">\n\t\t\t\t\t<div class=\"ekit-wid-con\" >\t\t<div class=\"ekit-mail-chimp\">\n\t\t<form method=\"post\" class=\"ekit-mailChimpForm\" data-listed=\"\" data-success-message=\"Successfully listed this email\" data-success-opt-in-message=\"\" data-nonce=\"855fb19535\">\n\t\t\t<div class=\"ekit-mail-message\"><\/div>\n\t\t\t<input type=\"hidden\" name=\"double_opt_in\" value=\"no\">\n\n\t\t\t\t<div class=\"elementskit_form_wraper elementskit_inline_form\">\n\t\t\t\t\t\t\t\t\t\t\t\t\t<div class=\"ekit-mail-chimp-email elementskit_input_wraper elementskit_input_container\">\n\t\t\t\t\t\t<div class=\"elementskit_form_group\">\n\t\t\t\t\t\t\t\t\t\t\t\t\t\t<div class=\"elementskit_input_element_container elementskit_input_group\">\n\t\t\t\t\t\t\t\t\t\t\t\t\t\t\t\t<div class=\"elementskit_input_group_prepend\">\n\t\t\t\t\t\t\t\t\t<div class=\"elementskit_input_group_text\">\n\t\t\t\t\t\t\t\t\t\t<i aria-hidden=\"true\" class=\"icon icon-envelope\"><\/i>\t\t\t\t\t\t\t\t\t<\/div>\n\t\t\t\t\t\t\t\t<\/div>\n\t\t\t\t\t\t\t\t\t\t\t\t\t\t\t\t<input type=\"email\" aria-label=\"email\" name=\"email\" class=\"ekit_mail_email ekit_form_control \" placeholder=\"Seu e-mail\" required \/>\n\n\t\t\t\t\t\t\t\t\t\t\t\t\t\t\t<\/div>\n\t\t\t\t\t\t<\/div>\n\t\t\t\t\t<\/div>\n\t\t\t\t\t<div class=\"ekit_submit_input_holder elementskit_input_wraper\">\n\t\t\t\t\t\t<button type=\"submit\" aria-label=\"submit\" class=\"ekit-mail-submit\" name=\"ekit_mail_chimp\">Inscrever<\/button>\n\t\t\t\t\t<\/div>\n\t\t\t\t<\/div>\n\t\t\t<\/form>\n\t\t<\/div>\n\t\t<\/div>\t\t\t\t<\/div>\n\t\t\t\t<\/div>\n\t\t\t\t\t<\/div>\n\t\t<\/div>\n\t\t\t\t<div class=\"elementor-column elementor-col-50 elementor-inner-column elementor-element elementor-element-8a0a43c\" data-id=\"8a0a43c\" data-element_type=\"column\" data-e-type=\"column\">\n\t\t\t<div class=\"elementor-widget-wrap elementor-element-populated\">\n\t\t\t\t\t\t<div class=\"elementor-element elementor-element-97ae036 elementor-widget__width-initial elementor-widget elementor-widget-image\" data-id=\"97ae036\" data-element_type=\"widget\" data-e-type=\"widget\" data-widget_type=\"image.default\">\n\t\t\t\t<div class=\"elementor-widget-container\">\n\t\t\t\t\t\t\t\t\t\t\t\t\t\t\t<img loading=\"lazy\" decoding=\"async\" loading=\"lazy\" width=\"1020\" height=\"574\" src=\"https:\/\/zionsvision.com\/novo\/wp-content\/uploads\/2024\/11\/DS-2CE12DFT-F.webp\" class=\"attachment-full size-full wp-image-556\" alt=\"c\u00e2mera de seguran\u00e7a DS-2CE12DFT-F\" srcset=\"https:\/\/zionsvision.com\/novo\/wp-content\/uploads\/2024\/11\/DS-2CE12DFT-F.webp 1020w, https:\/\/zionsvision.com\/novo\/wp-content\/uploads\/2024\/11\/DS-2CE12DFT-F-300x169.webp 300w, https:\/\/zionsvision.com\/novo\/wp-content\/uploads\/2024\/11\/DS-2CE12DFT-F-768x432.webp 768w\" sizes=\"auto, (max-width: 1020px) 100vw, 1020px\" \/>\t\t\t\t\t\t\t\t\t\t\t\t\t\t\t<\/div>\n\t\t\t\t<\/div>\n\t\t\t\t\t<\/div>\n\t\t<\/div>\n\t\t\t\t\t<\/div>\n\t\t<\/section>\n\t\t\t\t\t<\/div>\n\t\t<\/div>\n\t\t\t\t\t<\/div>\n\t\t<\/section>\n\t\t\t\t<\/div>\n\t\t","protected":false},"excerpt":{"rendered":"<p>Nosso blog Conte\u00fados &amp; An\u00e1lises Nossos Artigos Acompanhe as principais not\u00edcias do mercado e novidades exclusivas. Se voc\u00ea tem uma ideia inovadora de como podemos melhorar. Queremos ouvir de voc\u00ea! Inscrever<\/p>\n","protected":false},"author":1,"featured_media":0,"parent":0,"menu_order":0,"comment_status":"closed","ping_status":"closed","template":"elementor_header_footer","meta":{"nf_dc_page":"","_monsterinsights_skip_tracking":false,"_monsterinsights_sitenote_active":false,"_monsterinsights_sitenote_note":"","_monsterinsights_sitenote_category":0,"footnotes":""},"class_list":["post-37","page","type-page","status-publish","hentry"],"aioseo_notices":[],"_links":{"self":[{"href":"https:\/\/zionsvision.com\/novo\/wp-json\/wp\/v2\/pages\/37","targetHints":{"allow":["GET"]}}],"collection":[{"href":"https:\/\/zionsvision.com\/novo\/wp-json\/wp\/v2\/pages"}],"about":[{"href":"https:\/\/zionsvision.com\/novo\/wp-json\/wp\/v2\/types\/page"}],"author":[{"embeddable":true,"href":"https:\/\/zionsvision.com\/novo\/wp-json\/wp\/v2\/users\/1"}],"replies":[{"embeddable":true,"href":"https:\/\/zionsvision.com\/novo\/wp-json\/wp\/v2\/comments?post=37"}],"version-history":[{"count":5,"href":"https:\/\/zionsvision.com\/novo\/wp-json\/wp\/v2\/pages\/37\/revisions"}],"predecessor-version":[{"id":610,"href":"https:\/\/zionsvision.com\/novo\/wp-json\/wp\/v2\/pages\/37\/revisions\/610"}],"wp:attachment":[{"href":"https:\/\/zionsvision.com\/novo\/wp-json\/wp\/v2\/media?parent=37"}],"curies":[{"name":"wp","href":"https:\/\/api.w.org\/{rel}","templated":true}]}}